{"id":11,"date":"2023-10-03T20:40:28","date_gmt":"2023-10-04T01:40:28","guid":{"rendered":"https:\/\/glaparty.com\/web\/?page_id=11"},"modified":"2023-10-03T20:42:47","modified_gmt":"2023-10-04T01:42:47","slug":"home","status":"publish","type":"page","link":"https:\/\/glaparty.com\/web\/","title":{"rendered":"Home"},"content":{"rendered":"<p>[et_pb_section fb_built=\u00bb1&#8243; theme_builder_area=\u00bbpost_content\u00bb _builder_version=\u00bb4.22.2&#8243; _module_preset=\u00bbdefault\u00bb][et_pb_row _builder_version=\u00bb4.22.2&#8243; _module_preset=\u00bbdefault\u00bb theme_builder_area=\u00bbpost_content\u00bb][et_pb_column _builder_version=\u00bb4.22.2&#8243; _module_preset=\u00bbdefault\u00bb theme_builder_area=\u00bbpost_content\u00bb type=\u00bb4_4&#8243;][et_pb_image src=\u00bbhttps:\/\/glaparty.com\/web\/wp-content\/uploads\/2023\/10\/logo-glaparty.png\u00bb _builder_version=\u00bb4.22.2&#8243; _module_preset=\u00bbdefault\u00bb theme_builder_area=\u00bbpost_content\u00bb hover_enabled=\u00bb0&#8243; sticky_enabled=\u00bb0&#8243; align=\u00bbcenter\u00bb][\/et_pb_image][\/et_pb_column][\/et_pb_row][et_pb_row _builder_version=\u00bb4.22.2&#8243; _module_preset=\u00bbdefault\u00bb theme_builder_area=\u00bbpost_content\u00bb][et_pb_column _builder_version=\u00bb4.22.2&#8243; _module_preset=\u00bbdefault\u00bb type=\u00bb4_4&#8243; theme_builder_area=\u00bbpost_content\u00bb][et_pb_text _builder_version=\u00bb4.22.2&#8243; _module_preset=\u00bbdefault\u00bb theme_builder_area=\u00bbpost_content\u00bb header_3_font=\u00bbPacifico||||||||\u00bb header_3_text_color=\u00bbrgba(15,147,154,0.78)\u00bb hover_enabled=\u00bb0&#8243; sticky_enabled=\u00bb0&#8243;]<\/p>\n<h3 style=\"text-align: center;\"><span>Venta y alquiler de art\u00edculos para fiestas<\/span><\/h3>\n<p>[\/et_pb_text][et_pb_text _builder_version=\u00bb4.22.2&#8243; _module_preset=\u00bbdefault\u00bb theme_builder_area=\u00bbpost_content\u00bb header_3_font=\u00bbPacifico||||||||\u00bb header_3_text_color=\u00bbrgba(15,147,154,0.78)\u00bb hover_enabled=\u00bb0&#8243; sticky_enabled=\u00bb0&#8243;]<\/p>\n<p style=\"text-align: center;\"><em>En GlaParty ofrecemos una amplia selecci\u00f3n de art\u00edculos para fiestas, tanto para su venta como para alquiler. Nuestro objetivo es hacer que cada evento sea un \u00e9xito absoluto y que cada celebraci\u00f3n sea inolvidable. Cont\u00e1ctanos hoy mismo al<\/em><\/p>\n<h3 style=\"text-align: center;\">922 629 911<\/h3>\n<p style=\"text-align: center;\"><em>para obtener m\u00e1s informaci\u00f3n y comenzar a planificar tu pr\u00f3xima fiesta. \u00a1No esperes m\u00e1s, \u00fanete a la diversi\u00f3n con GlaParty!<\/em><\/p>\n<p>[\/et_pb_text][\/et_pb_column][\/et_pb_row][et_pb_row _builder_version=\u00bb4.22.2&#8243; _module_preset=\u00bbdefault\u00bb theme_builder_area=\u00bbpost_content\u00bb][et_pb_column _builder_version=\u00bb4.22.2&#8243; _module_preset=\u00bbdefault\u00bb type=\u00bb4_4&#8243; theme_builder_area=\u00bbpost_content\u00bb][et_pb_text _builder_version=\u00bb4.22.2&#8243; _module_preset=\u00bbdefault\u00bb theme_builder_area=\u00bbpost_content\u00bb text_font_size=\u00bb12px\u00bb hover_enabled=\u00bb0&#8243; sticky_enabled=\u00bb0&#8243;]<\/p>\n<p style=\"text-align: center;\">20610011757 &#8211; GLAPARTY E.I.R.L.<br \/>AV. MARISCAL ANTONIO JOSE DE SUCRE NRO. 866 DPTO. 101, URB. ORBEA LIMA &#8211; LIMA &#8211; MAGDALENA DEL MAR<\/p>\n<p>[\/et_pb_text][\/et_pb_column][\/et_pb_row][\/et_pb_section]<\/p>\n","protected":false},"excerpt":{"rendered":"<p>Venta y alquiler de art\u00edculos para fiestasEn GlaParty ofrecemos una amplia selecci\u00f3n de art\u00edculos para fiestas, tanto para su venta como para alquiler. Nuestro objetivo es hacer que cada evento sea un \u00e9xito absoluto y que cada celebraci\u00f3n sea inolvidable. Cont\u00e1ctanos hoy mismo al 922 629 911 para obtener m\u00e1s informaci\u00f3n y comenzar a planificar [&hellip;]<\/p>\n","protected":false},"author":1,"featured_media":0,"parent":0,"menu_order":0,"comment_status":"closed","ping_status":"closed","template":"page-template-blank.php","meta":{"_et_pb_use_builder":"on","_et_pb_old_content":"","_et_gb_content_width":"","footnotes":""},"_links":{"self":[{"href":"https:\/\/glaparty.com\/web\/index.php\/wp-json\/wp\/v2\/pages\/11"}],"collection":[{"href":"https:\/\/glaparty.com\/web\/index.php\/wp-json\/wp\/v2\/pages"}],"about":[{"href":"https:\/\/glaparty.com\/web\/index.php\/wp-json\/wp\/v2\/types\/page"}],"author":[{"embeddable":true,"href":"https:\/\/glaparty.com\/web\/index.php\/wp-json\/wp\/v2\/users\/1"}],"replies":[{"embeddable":true,"href":"https:\/\/glaparty.com\/web\/index.php\/wp-json\/wp\/v2\/comments?post=11"}],"version-history":[{"count":4,"href":"https:\/\/glaparty.com\/web\/index.php\/wp-json\/wp\/v2\/pages\/11\/revisions"}],"predecessor-version":[{"id":18,"href":"https:\/\/glaparty.com\/web\/index.php\/wp-json\/wp\/v2\/pages\/11\/revisions\/18"}],"wp:attachment":[{"href":"https:\/\/glaparty.com\/web\/index.php\/wp-json\/wp\/v2\/media?parent=11"}],"curies":[{"name":"wp","href":"https:\/\/api.w.org\/{rel}","templated":true}]}}